{"id":121,"date":"2023-07-20T16:29:54","date_gmt":"2023-07-20T14:29:54","guid":{"rendered":"https:\/\/www.atelier-ragot.com\/derniers-chantiers\/?page_id=121"},"modified":"2023-11-09T18:34:13","modified_gmt":"2023-11-09T17:34:13","slug":"devis-atelier-ragot","status":"publish","type":"page","link":"https:\/\/www.atelier-ragot.com\/derniers-chantiers\/devis-atelier-ragot\/","title":{"rendered":"Demander un devis"},"content":{"rendered":"\t\t<div data-elementor-type=\"wp-page\" data-elementor-id=\"121\" class=\"elementor elementor-121\">\n\t\t\t\t\t\t<section class=\"elementor-section elementor-top-section elementor-element elementor-element-a727810 elementor-section-boxed elementor-section-height-default elementor-section-height-default\" data-id=\"a727810\" data-element_type=\"section\" data-settings=\"{&quot;background_background&quot;:&quot;classic&quot;,&quot;shape_divider_bottom&quot;:&quot;tilt&quot;}\">\n\t\t\t\t\t<div class=\"elementor-shape elementor-shape-bottom\" aria-hidden=\"true\" data-negative=\"false\">\n\t\t\t<svg xmlns=\"http:\/\/www.w3.org\/2000\/svg\" viewBox=\"0 0 1000 100\" preserveAspectRatio=\"none\">\n\t<path class=\"elementor-shape-fill\" d=\"M0,6V0h1000v100L0,6z\"\/>\n<\/svg>\t\t<\/div>\n\t\t\t\t\t<div class=\"elementor-container elementor-column-gap-default\">\n\t\t\t\t\t<div class=\"elementor-column elementor-col-100 elementor-top-column elementor-element elementor-element-863cf32\" data-id=\"863cf32\" data-element_type=\"column\">\n\t\t\t<div class=\"elementor-widget-wrap elementor-element-populated\">\n\t\t\t\t\t\t<div class=\"elementor-element elementor-element-9d90ae0 elementor-widget elementor-widget-heading\" data-id=\"9d90ae0\" data-element_type=\"widget\" data-widget_type=\"heading.default\">\n\t\t\t\t\t<h2 class=\"elementor-heading-title elementor-size-default\">Remplissez ce formulaire contact en quelques clics et nous vous rappelons dans les plus brefs d\u00e9lais<\/h2>\t\t\t\t<\/div>\n\t\t\t\t\t<\/div>\n\t\t<\/div>\n\t\t\t\t\t<\/div>\n\t\t<\/section>\n\t\t\t\t<section class=\"elementor-section elementor-top-section elementor-element elementor-element-756d099 elementor-section-boxed elementor-section-height-default elementor-section-height-default\" data-id=\"756d099\" data-element_type=\"section\">\n\t\t\t\t\t\t<div class=\"elementor-container elementor-column-gap-default\">\n\t\t\t\t\t<div class=\"elementor-column elementor-col-100 elementor-top-column elementor-element elementor-element-f8253b4\" data-id=\"f8253b4\" data-element_type=\"column\">\n\t\t\t<div class=\"elementor-widget-wrap elementor-element-populated\">\n\t\t\t\t\t\t<div class=\"elementor-element elementor-element-2ba8fa3 elementor-widget elementor-widget-everest-forms\" data-id=\"2ba8fa3\" data-element_type=\"widget\" data-widget_type=\"everest-forms.default\">\n\t\t\t\t<div class=\"elementor-widget-container\">\n\t\t\t\t\t\t\t\t<div class=\"everest-forms\"><div class=\"evf-container default\" id=\"evf-120\"><form id=\"evf-form-120\" class=\"everest-form\" data-formid=\"120\" data-ajax_submission=\"0\" data-keyboard_friendly_form=\"0\" data-form_state_type=\"\" method=\"post\" enctype=\"multipart\/form-data\" action=\"\/derniers-chantiers\/wp-json\/wp\/v2\/pages\/121\"><div class=\"evf-field-container\"><input type=\"hidden\" id=\"_wpnonce120\" name=\"_wpnonce120\" value=\"ea43e893c3\" \/><input type=\"hidden\" name=\"_wp_http_referer\" value=\"\/derniers-chantiers\/wp-json\/wp\/v2\/pages\/121\" \/><div class=\"evf-frontend-row\" data-row=\"row_1\" conditional_rules=\"[]\"><div class=\"evf-frontend-grid evf-grid-2\" data-grid=\"grid_1\"><div id=\"evf-120-field_mkEMwew8tH-1-container\" class=\"evf-field evf-field-last-name form-row validate-required\" data-required-field-message=\"Ce champ est n\u00e9cessaire.\" data-field-id=\"mkEMwew8tH-1\"><label class=\"evf-field-label\" for=\"evf-120-field_mkEMwew8tH-1\"><span class=\"evf-label\">Nom<\/span> <abbr class=\"required\" title=\"N\u00e9cessaire\">*<\/abbr><\/label><input type=\"text\" id=\"evf-120-field_mkEMwew8tH-1\" class=\"input-text\" name=\"everest_forms[form_fields][mkEMwew8tH-1]\" required><\/div><div id=\"evf-120-field_ayKOY04Fhn-2-container\" class=\"evf-field evf-field-first-name form-row validate-required\" data-required-field-message=\"Ce champ est n\u00e9cessaire.\" data-field-id=\"ayKOY04Fhn-2\"><label class=\"evf-field-label\" for=\"evf-120-field_ayKOY04Fhn-2\"><span class=\"evf-label\">Pr\u00e9nom<\/span> <abbr class=\"required\" title=\"N\u00e9cessaire\">*<\/abbr><\/label><input type=\"text\" id=\"evf-120-field_ayKOY04Fhn-2\" class=\"input-text\" name=\"everest_forms[form_fields][ayKOY04Fhn-2]\" required><\/div><\/div><div class=\"evf-frontend-grid evf-grid-2\" data-grid=\"grid_2\"><div id=\"evf-120-field_ddpQgDX1ZJ-3-container\" class=\"evf-field evf-field-email form-row validate-required validate-email\" data-required-field-message=\"Veuillez entrer une adresse e-mail valide.\" data-field-id=\"ddpQgDX1ZJ-3\"><label class=\"evf-field-label\" for=\"evf-120-field_ddpQgDX1ZJ-3\"><span class=\"evf-label\">E-mail<\/span> <abbr class=\"required\" title=\"N\u00e9cessaire\">*<\/abbr><\/label><input type=\"email\" id=\"evf-120-field_ddpQgDX1ZJ-3\" class=\"input-text\" name=\"everest_forms[form_fields][ddpQgDX1ZJ-3]\" required ><\/div><div id=\"evf-120-field_uTA6jYCflZ-4-container\" class=\"evf-field evf-field-number form-row validate-required\" data-required-field-message=\"Veuillez saisir un nombre valide.\" data-field-id=\"uTA6jYCflZ-4\"><label class=\"evf-field-label\" for=\"evf-120-field_uTA6jYCflZ-4\"><span class=\"evf-label\">T\u00e9l\u00e9phone<\/span> <abbr class=\"required\" title=\"N\u00e9cessaire\">*<\/abbr><\/label><input type=\"number\" id=\"evf-120-field_uTA6jYCflZ-4\" class=\"input-text\" name=\"everest_forms[form_fields][uTA6jYCflZ-4]\" required\/><\/div><\/div><\/div><div class=\"evf-frontend-row\" data-row=\"row_2\" conditional_rules=\"[]\"><div class=\"evf-frontend-grid evf-grid-2\" data-grid=\"grid_1\"><div id=\"evf-120-field_LTAilaAnAk-5-container\" class=\"evf-field evf-field-radio form-row validate-required\" data-required-field-message=\"Ce champ est n\u00e9cessaire.\" data-field-id=\"LTAilaAnAk-5\"><label class=\"evf-field-label\" for=\"evf-120-field_LTAilaAnAk-5\"><span class=\"evf-label\">Quel est votre besoin ?<\/span> <abbr class=\"required\" title=\"N\u00e9cessaire\">*<\/abbr><\/label><ul id=\"evf-120-field_LTAilaAnAk-5\" class=\" evf-field-required\"><li class=\"choice-1 depth-1\"><input type=\"radio\" id=\"evf-120-field_LTAilaAnAk-5_1\" class=\"input-text\" name=\"everest_forms[form_fields][LTAilaAnAk-5]\" value=\"Fen\u00eatre\" required ><label class=\"everest-forms-field-label-inline\" for=\"evf-120-field_LTAilaAnAk-5_1\">Fen\u00eatre<\/label><\/li><li class=\"choice-2 depth-1\"><input type=\"radio\" id=\"evf-120-field_LTAilaAnAk-5_2\" class=\"input-text\" name=\"everest_forms[form_fields][LTAilaAnAk-5]\" value=\"Portes\" required ><label class=\"everest-forms-field-label-inline\" for=\"evf-120-field_LTAilaAnAk-5_2\">Portes<\/label><\/li><li class=\"choice-3 depth-1\"><input type=\"radio\" id=\"evf-120-field_LTAilaAnAk-5_3\" class=\"input-text\" name=\"everest_forms[form_fields][LTAilaAnAk-5]\" value=\"Am\u00e9nagement int\u00e9rieur\" required ><label class=\"everest-forms-field-label-inline\" for=\"evf-120-field_LTAilaAnAk-5_3\">Am\u00e9nagement int\u00e9rieur<\/label><\/li><li class=\"choice-4 depth-1\"><input type=\"radio\" id=\"evf-120-field_LTAilaAnAk-5_4\" class=\"input-text\" name=\"everest_forms[form_fields][LTAilaAnAk-5]\" value=\"Projet de r\u00e9novation plus global\" required ><label class=\"everest-forms-field-label-inline\" for=\"evf-120-field_LTAilaAnAk-5_4\">Projet de r\u00e9novation plus global<\/label><\/li><li class=\"choice-5 depth-1\"><input type=\"radio\" id=\"evf-120-field_LTAilaAnAk-5_5\" class=\"input-text\" name=\"everest_forms[form_fields][LTAilaAnAk-5]\" value=\"Je suis un pro ou un commer\u00e7ant et j&#039;ai besoin d&#039;am\u00e9nagements int\u00e9rieurs\" required ><label class=\"everest-forms-field-label-inline\" for=\"evf-120-field_LTAilaAnAk-5_5\">Je suis un pro ou un commer\u00e7ant et j'ai besoin d'am\u00e9nagements int\u00e9rieurs<\/label><\/li><li class=\"choice-6 depth-1\"><input type=\"radio\" id=\"evf-120-field_LTAilaAnAk-5_6\" class=\"input-text\" name=\"everest_forms[form_fields][LTAilaAnAk-5]\" value=\"Autre\" required ><label class=\"everest-forms-field-label-inline\" for=\"evf-120-field_LTAilaAnAk-5_6\">Autre<\/label><\/li><\/ul><\/div><\/div><div class=\"evf-frontend-grid evf-grid-2\" data-grid=\"grid_2\"><div id=\"evf-120-field_LYgJSFDjzZ-6-container\" class=\"evf-field evf-field-textarea form-row\" data-field-id=\"LYgJSFDjzZ-6\"><label class=\"evf-field-label\" for=\"evf-120-field_LYgJSFDjzZ-6\"><span class=\"evf-label\">Je souhaite apporter un commentaire<\/span> <\/label><textarea id=\"evf-120-field_LYgJSFDjzZ-6\" class=\"input-text\" name=\"everest_forms[form_fields][LYgJSFDjzZ-6]\"  ><\/textarea><\/div><\/div><\/div><\/div><div class=\"evf-honeypot-container evf-field-hp\"><label for=\"evf-120-field-hp\" class=\"evf-field-label\">Message<\/label><input type=\"text\" name=\"everest_forms[hp]\" id=\"evf-120-field-hp\" class=\"input-text\"><\/div><div class=\"evf-submit-container \" ><input type=\"hidden\" name=\"everest_forms[id]\" value=\"120\"><input type=\"hidden\" name=\"everest_forms[author]\" value=\"1\"><button type='submit' name='everest_forms[submit]' class='everest-forms-submit-button button evf-submit ' id='evf-submit-120' value='evf-submit' data-process-text=\"En traitement\u2026\" conditional_rules='&quot;&quot;' conditional_id='evf-submit-120'  id=\"evf-submit-120\" aria-live=\"assertive\">Valider<\/button><\/div><\/form><\/div><!-- .evf-container --><\/div>\t\t\t\t\t\t<\/div>\n\t\t\t\t<\/div>\n\t\t\t\t\t<\/div>\n\t\t<\/div>\n\t\t\t\t\t<\/div>\n\t\t<\/section>\n\t\t\t\t<\/div>\n\t\t","protected":false},"excerpt":{"rendered":"<p>Remplissez ce formulaire contact en quelques clics et nous vous rappelons dans les plus brefs d\u00e9lais Nom *Pr\u00e9nom *E-mail *T\u00e9l\u00e9phone *Quel est votre besoin ? * Fen\u00eatre Portes Am\u00e9nagement int\u00e9rieur Projet de r\u00e9novation plus global Je suis un pro ou un commer\u00e7ant et j&rsquo;ai besoin d&rsquo;am\u00e9nagements int\u00e9rieurs Autre Je souhaite apporter un commentaire CommentValider<\/p>\n","protected":false},"author":1,"featured_media":0,"parent":0,"menu_order":0,"comment_status":"closed","ping_status":"closed","template":"","meta":{"site-sidebar-layout":"no-sidebar","site-content-layout":"page-builder","ast-site-content-layout":"default","site-content-style":"default","site-sidebar-style":"default","ast-global-header-display":"","ast-banner-title-visibility":"","ast-main-header-display":"","ast-hfb-above-header-display":"","ast-hfb-below-header-display":"","ast-hfb-mobile-header-display":"","site-post-title":"disabled","ast-breadcrumbs-content":"","ast-featured-img":"disabled","footer-sml-layout":"","ast-disable-related-posts":"","theme-transparent-header-meta":"","adv-header-id-meta":"","stick-header-meta":"","header-above-stick-meta":"","header-main-stick-meta":"","header-below-stick-meta":"","astra-migrate-meta-layouts":"default","ast-page-background-enabled":"default","ast-page-background-meta":{"desktop":{"background-color":"var(--ast-global-color-4)","background-image":"","background-repeat":"repeat","background-position":"center center","background-size":"auto","background-attachment":"scroll","background-type":"","background-media":"","overlay-type":"","overlay-color":"","overlay-opacity":"","overlay-gradient":""},"tablet":{"background-color":"","background-image":"","background-repeat":"repeat","background-position":"center center","background-size":"auto","background-attachment":"scroll","background-type":"","background-media":"","overlay-type":"","overlay-color":"","overlay-opacity":"","overlay-gradient":""},"mobile":{"background-color":"","background-image":"","background-repeat":"repeat","background-position":"center center","background-size":"auto","background-attachment":"scroll","background-type":"","background-media":"","overlay-type":"","overlay-color":"","overlay-opacity":"","overlay-gradient":""}},"ast-content-background-meta":{"desktop":{"background-color":"var(--ast-global-color-5)","background-image":"","background-repeat":"repeat","background-position":"center center","background-size":"auto","background-attachment":"scroll","background-type":"","background-media":"","overlay-type":"","overlay-color":"","overlay-opacity":"","overlay-gradient":""},"tablet":{"background-color":"var(--ast-global-color-5)","background-image":"","background-repeat":"repeat","background-position":"center center","background-size":"auto","background-attachment":"scroll","background-type":"","background-media":"","overlay-type":"","overlay-color":"","overlay-opacity":"","overlay-gradient":""},"mobile":{"background-color":"var(--ast-global-color-5)","background-image":"","background-repeat":"repeat","background-position":"center center","background-size":"auto","background-attachment":"scroll","background-type":"","background-media":"","overlay-type":"","overlay-color":"","overlay-opacity":"","overlay-gradient":""}},"iawp_total_views":49,"footnotes":""},"class_list":["post-121","page","type-page","status-publish","hentry"],"yoast_head":"<!-- This site is optimized with the Yoast SEO plugin v26.5 - https:\/\/yoast.com\/wordpress\/plugins\/seo\/ -->\n<title>Demander un devis - Atelier Ragot \/ chantiers<\/title>\n<meta name=\"description\" content=\"Devis atelier Ragot - vous souhaitez un rendez-vous pour vos futurs travaux de menuiserie, am\u00e9nagement int\u00e9rieur ou ext\u00e9rieur : c&#039;est ici\" \/>\n<meta name=\"robots\" content=\"index, follow, max-snippet:-1, max-image-preview:large, max-video-preview:-1\" \/>\n<link rel=\"canonical\" href=\"https:\/\/www.atelier-ragot.com\/derniers-chantiers\/devis-atelier-ragot\/\" \/>\n<meta property=\"og:locale\" content=\"fr_FR\" \/>\n<meta property=\"og:type\" content=\"article\" \/>\n<meta property=\"og:title\" content=\"Demander un devis - Atelier Ragot \/ chantiers\" \/>\n<meta property=\"og:description\" content=\"Devis atelier Ragot - vous souhaitez un rendez-vous pour vos futurs travaux de menuiserie, am\u00e9nagement int\u00e9rieur ou ext\u00e9rieur : c&#039;est ici\" \/>\n<meta property=\"og:url\" content=\"https:\/\/www.atelier-ragot.com\/derniers-chantiers\/devis-atelier-ragot\/\" \/>\n<meta property=\"og:site_name\" content=\"Atelier Ragot \/ chantiers\" \/>\n<meta property=\"article:modified_time\" content=\"2023-11-09T17:34:13+00:00\" \/>\n<meta name=\"twitter:card\" content=\"summary_large_image\" \/>\n<meta name=\"twitter:label1\" content=\"Dur\u00e9e de lecture estim\u00e9e\" \/>\n\t<meta name=\"twitter:data1\" content=\"1 minute\" \/>\n<script type=\"application\/ld+json\" class=\"yoast-schema-graph\">{\"@context\":\"https:\/\/schema.org\",\"@graph\":[{\"@type\":\"WebPage\",\"@id\":\"https:\/\/www.atelier-ragot.com\/derniers-chantiers\/devis-atelier-ragot\/\",\"url\":\"https:\/\/www.atelier-ragot.com\/derniers-chantiers\/devis-atelier-ragot\/\",\"name\":\"Demander un devis - Atelier Ragot \/ chantiers\",\"isPartOf\":{\"@id\":\"https:\/\/www.atelier-ragot.com\/derniers-chantiers\/#website\"},\"datePublished\":\"2023-07-20T14:29:54+00:00\",\"dateModified\":\"2023-11-09T17:34:13+00:00\",\"description\":\"Devis atelier Ragot - vous souhaitez un rendez-vous pour vos futurs travaux de menuiserie, am\u00e9nagement int\u00e9rieur ou ext\u00e9rieur : c'est ici\",\"breadcrumb\":{\"@id\":\"https:\/\/www.atelier-ragot.com\/derniers-chantiers\/devis-atelier-ragot\/#breadcrumb\"},\"inLanguage\":\"fr-FR\",\"potentialAction\":[{\"@type\":\"ReadAction\",\"target\":[\"https:\/\/www.atelier-ragot.com\/derniers-chantiers\/devis-atelier-ragot\/\"]}]},{\"@type\":\"BreadcrumbList\",\"@id\":\"https:\/\/www.atelier-ragot.com\/derniers-chantiers\/devis-atelier-ragot\/#breadcrumb\",\"itemListElement\":[{\"@type\":\"ListItem\",\"position\":1,\"name\":\"Accueil\",\"item\":\"https:\/\/www.atelier-ragot.com\/derniers-chantiers\/\"},{\"@type\":\"ListItem\",\"position\":2,\"name\":\"Demander un devis\"}]},{\"@type\":\"WebSite\",\"@id\":\"https:\/\/www.atelier-ragot.com\/derniers-chantiers\/#website\",\"url\":\"https:\/\/www.atelier-ragot.com\/derniers-chantiers\/\",\"name\":\"Atelier Ragot \/ chantiers\",\"description\":\"Menuisiers agenceurs Nantes et p\u00e9riph\u00e9rie\",\"publisher\":{\"@id\":\"https:\/\/www.atelier-ragot.com\/derniers-chantiers\/#organization\"},\"potentialAction\":[{\"@type\":\"SearchAction\",\"target\":{\"@type\":\"EntryPoint\",\"urlTemplate\":\"https:\/\/www.atelier-ragot.com\/derniers-chantiers\/?s={search_term_string}\"},\"query-input\":{\"@type\":\"PropertyValueSpecification\",\"valueRequired\":true,\"valueName\":\"search_term_string\"}}],\"inLanguage\":\"fr-FR\"},{\"@type\":\"Organization\",\"@id\":\"https:\/\/www.atelier-ragot.com\/derniers-chantiers\/#organization\",\"name\":\"Atelier Ragot \/ chantiers\",\"url\":\"https:\/\/www.atelier-ragot.com\/derniers-chantiers\/\",\"logo\":{\"@type\":\"ImageObject\",\"inLanguage\":\"fr-FR\",\"@id\":\"https:\/\/www.atelier-ragot.com\/derniers-chantiers\/#\/schema\/logo\/image\/\",\"url\":\"https:\/\/www.atelier-ragot.com\/derniers-chantiers\/wp-content\/uploads\/2023\/06\/cropped-menuiserie-nantes-pierrick-ragot.png\",\"contentUrl\":\"https:\/\/www.atelier-ragot.com\/derniers-chantiers\/wp-content\/uploads\/2023\/06\/cropped-menuiserie-nantes-pierrick-ragot.png\",\"width\":90,\"height\":90,\"caption\":\"Atelier Ragot \/ chantiers\"},\"image\":{\"@id\":\"https:\/\/www.atelier-ragot.com\/derniers-chantiers\/#\/schema\/logo\/image\/\"}}]}<\/script>\n<!-- \/ Yoast SEO plugin. -->","yoast_head_json":{"title":"Demander un devis - Atelier Ragot \/ chantiers","description":"Devis atelier Ragot - vous souhaitez un rendez-vous pour vos futurs travaux de menuiserie, am\u00e9nagement int\u00e9rieur ou ext\u00e9rieur : c'est ici","robots":{"index":"index","follow":"follow","max-snippet":"max-snippet:-1","max-image-preview":"max-image-preview:large","max-video-preview":"max-video-preview:-1"},"canonical":"https:\/\/www.atelier-ragot.com\/derniers-chantiers\/devis-atelier-ragot\/","og_locale":"fr_FR","og_type":"article","og_title":"Demander un devis - Atelier Ragot \/ chantiers","og_description":"Devis atelier Ragot - vous souhaitez un rendez-vous pour vos futurs travaux de menuiserie, am\u00e9nagement int\u00e9rieur ou ext\u00e9rieur : c'est ici","og_url":"https:\/\/www.atelier-ragot.com\/derniers-chantiers\/devis-atelier-ragot\/","og_site_name":"Atelier Ragot \/ chantiers","article_modified_time":"2023-11-09T17:34:13+00:00","twitter_card":"summary_large_image","twitter_misc":{"Dur\u00e9e de lecture estim\u00e9e":"1 minute"},"schema":{"@context":"https:\/\/schema.org","@graph":[{"@type":"WebPage","@id":"https:\/\/www.atelier-ragot.com\/derniers-chantiers\/devis-atelier-ragot\/","url":"https:\/\/www.atelier-ragot.com\/derniers-chantiers\/devis-atelier-ragot\/","name":"Demander un devis - Atelier Ragot \/ chantiers","isPartOf":{"@id":"https:\/\/www.atelier-ragot.com\/derniers-chantiers\/#website"},"datePublished":"2023-07-20T14:29:54+00:00","dateModified":"2023-11-09T17:34:13+00:00","description":"Devis atelier Ragot - vous souhaitez un rendez-vous pour vos futurs travaux de menuiserie, am\u00e9nagement int\u00e9rieur ou ext\u00e9rieur : c'est ici","breadcrumb":{"@id":"https:\/\/www.atelier-ragot.com\/derniers-chantiers\/devis-atelier-ragot\/#breadcrumb"},"inLanguage":"fr-FR","potentialAction":[{"@type":"ReadAction","target":["https:\/\/www.atelier-ragot.com\/derniers-chantiers\/devis-atelier-ragot\/"]}]},{"@type":"BreadcrumbList","@id":"https:\/\/www.atelier-ragot.com\/derniers-chantiers\/devis-atelier-ragot\/#breadcrumb","itemListElement":[{"@type":"ListItem","position":1,"name":"Accueil","item":"https:\/\/www.atelier-ragot.com\/derniers-chantiers\/"},{"@type":"ListItem","position":2,"name":"Demander un devis"}]},{"@type":"WebSite","@id":"https:\/\/www.atelier-ragot.com\/derniers-chantiers\/#website","url":"https:\/\/www.atelier-ragot.com\/derniers-chantiers\/","name":"Atelier Ragot \/ chantiers","description":"Menuisiers agenceurs Nantes et p\u00e9riph\u00e9rie","publisher":{"@id":"https:\/\/www.atelier-ragot.com\/derniers-chantiers\/#organization"},"potentialAction":[{"@type":"SearchAction","target":{"@type":"EntryPoint","urlTemplate":"https:\/\/www.atelier-ragot.com\/derniers-chantiers\/?s={search_term_string}"},"query-input":{"@type":"PropertyValueSpecification","valueRequired":true,"valueName":"search_term_string"}}],"inLanguage":"fr-FR"},{"@type":"Organization","@id":"https:\/\/www.atelier-ragot.com\/derniers-chantiers\/#organization","name":"Atelier Ragot \/ chantiers","url":"https:\/\/www.atelier-ragot.com\/derniers-chantiers\/","logo":{"@type":"ImageObject","inLanguage":"fr-FR","@id":"https:\/\/www.atelier-ragot.com\/derniers-chantiers\/#\/schema\/logo\/image\/","url":"https:\/\/www.atelier-ragot.com\/derniers-chantiers\/wp-content\/uploads\/2023\/06\/cropped-menuiserie-nantes-pierrick-ragot.png","contentUrl":"https:\/\/www.atelier-ragot.com\/derniers-chantiers\/wp-content\/uploads\/2023\/06\/cropped-menuiserie-nantes-pierrick-ragot.png","width":90,"height":90,"caption":"Atelier Ragot \/ chantiers"},"image":{"@id":"https:\/\/www.atelier-ragot.com\/derniers-chantiers\/#\/schema\/logo\/image\/"}}]}},"_links":{"self":[{"href":"https:\/\/www.atelier-ragot.com\/derniers-chantiers\/wp-json\/wp\/v2\/pages\/121","targetHints":{"allow":["GET"]}}],"collection":[{"href":"https:\/\/www.atelier-ragot.com\/derniers-chantiers\/wp-json\/wp\/v2\/pages"}],"about":[{"href":"https:\/\/www.atelier-ragot.com\/derniers-chantiers\/wp-json\/wp\/v2\/types\/page"}],"author":[{"embeddable":true,"href":"https:\/\/www.atelier-ragot.com\/derniers-chantiers\/wp-json\/wp\/v2\/users\/1"}],"replies":[{"embeddable":true,"href":"https:\/\/www.atelier-ragot.com\/derniers-chantiers\/wp-json\/wp\/v2\/comments?post=121"}],"version-history":[{"count":5,"href":"https:\/\/www.atelier-ragot.com\/derniers-chantiers\/wp-json\/wp\/v2\/pages\/121\/revisions"}],"predecessor-version":[{"id":427,"href":"https:\/\/www.atelier-ragot.com\/derniers-chantiers\/wp-json\/wp\/v2\/pages\/121\/revisions\/427"}],"wp:attachment":[{"href":"https:\/\/www.atelier-ragot.com\/derniers-chantiers\/wp-json\/wp\/v2\/media?parent=121"}],"curies":[{"name":"wp","href":"https:\/\/api.w.org\/{rel}","templated":true}]}}